{"id":7544,"date":"2024-08-29T14:33:03","date_gmt":"2024-08-29T12:33:03","guid":{"rendered":"https:\/\/pm.pryzmat.com\/?page_id=7544"},"modified":"2024-08-30T14:13:48","modified_gmt":"2024-08-30T12:13:48","slug":"baza_wiedzy","status":"publish","type":"page","link":"https:\/\/pm.pryzmat.com\/?page_id=7544","title":{"rendered":"Baza wiedzy"},"content":{"rendered":"<div class=\"members-access-error\">Przykro nam, ale nie masz uprawnie\u0144 do tej tre\u015bci.<\/p>\n<p>Je\u015bli jeste\u015b u\u017cytkownikiem Pryzmat &#8211; prosz\u0119 &gt;&gt;<a href=\"https:\/\/pm.pryzmat.com\/wp-login.php\">zaloguj si\u0119<\/a>&lt;&lt;<\/div>\n","protected":false},"excerpt":{"rendered":"<div class=\"members-access-error\">Przykro nam, ale nie masz uprawnie\u0144 do tej tre\u015bci.<\/p>\n<p>Je\u015bli jeste\u015b u\u017cytkownikiem Pryzmat &#8211; prosz\u0119 &gt;&gt;<a href=\"https:\/\/pm.pryzmat.com\/wp-login.php\">zaloguj si\u0119<\/a>&lt;&lt;<\/div>\n","protected":false},"author":1,"featured_media":0,"parent":0,"menu_order":0,"comment_status":"closed","ping_status":"closed","template":"","meta":{"footnotes":""},"class_list":["post-7544","page","type-page","status-publish","hentry"],"featured_image_src":null,"_links":{"self":[{"href":"https:\/\/pm.pryzmat.com\/index.php?rest_route=\/wp\/v2\/pages\/7544","targetHints":{"allow":["GET"]}}],"collection":[{"href":"https:\/\/pm.pryzmat.com\/index.php?rest_route=\/wp\/v2\/pages"}],"about":[{"href":"https:\/\/pm.pryzmat.com\/index.php?rest_route=\/wp\/v2\/types\/page"}],"author":[{"embeddable":true,"href":"https:\/\/pm.pryzmat.com\/index.php?rest_route=\/wp\/v2\/users\/1"}],"replies":[{"embeddable":true,"href":"https:\/\/pm.pryzmat.com\/index.php?rest_route=%2Fwp%2Fv2%2Fcomments&post=7544"}],"version-history":[{"count":18,"href":"https:\/\/pm.pryzmat.com\/index.php?rest_route=\/wp\/v2\/pages\/7544\/revisions"}],"predecessor-version":[{"id":7679,"href":"https:\/\/pm.pryzmat.com\/index.php?rest_route=\/wp\/v2\/pages\/7544\/revisions\/7679"}],"wp:attachment":[{"href":"https:\/\/pm.pryzmat.com\/index.php?rest_route=%2Fwp%2Fv2%2Fmedia&parent=7544"}],"curies":[{"name":"wp","href":"https:\/\/api.w.org\/{rel}","templated":true}]}}