{"id":6644,"date":"2024-07-09T11:22:04","date_gmt":"2024-07-09T09:22:04","guid":{"rendered":"https:\/\/pm.pryzmat.com\/?page_id=6644"},"modified":"2024-07-09T12:36:10","modified_gmt":"2024-07-09T10:36:10","slug":"umawianie-spotkan-zespol-product-managementu","status":"publish","type":"page","link":"https:\/\/pm.pryzmat.com\/?page_id=6644","title":{"rendered":"Umawianie spotka\u0144 &#8211; Zesp\u00f3\u0142 Product Managementu"},"content":{"rendered":"\n<div class=\"wp-block-columns is-layout-flex wp-container-core-columns-is-layout-9d6595d7 wp-block-columns-is-layout-flex\">\n<div class=\"wp-block-column is-layout-flow wp-block-column-is-layout-flow\" style=\"flex-basis:5%\"><\/div>\n\n\n\n<div class=\"wp-block-column is-layout-flow wp-block-column-is-layout-flow\" style=\"flex-basis:65%\">\n<div class=\"wp-block-group is-nowrap is-layout-flex wp-container-core-group-is-layout-ad2f72ca wp-block-group-is-layout-flex\">\n<div class=\"wp-block-group is-vertical is-layout-flex wp-container-core-group-is-layout-8cf370e7 wp-block-group-is-layout-flex\">\n<p>Zapraszamy do um\u00f3wienia si\u0119 w dogodnym terminie na spotkanie on-line. Spotkanie odb\u0119dzie si\u0119 za pomoc\u0105 <strong>MS Teams<\/strong> &#8211; nie wymaga ona instalacji dodatkowego oprogramowania, uczestniczy\u0107 w spotkaniu mo\u017cna za po\u015brednictwem przegl\u0105darki internetowej.<\/p>\n\n\n\n<p>Po zapisaniu si\u0119 na spotkanie otrzymaj\u0105 Pa\u0144stwo powiadomienie mailowe z dat\u0105 i linkiem umo\u017cliwiaj\u0105cym uczestnictwo. Bardzo prosimy o zapewnienie mo\u017cliwo\u015bci aktywnego uczestnictwa w spotkaniu &#8211; s\u0142uchawek z mikrofonem (b\u0105d\u017a g\u0142o\u015bnika i mikrofonu), kamera internetowa te\u017c b\u0119dzie mi\u0142ym dodatkiem.<\/p>\n\n\n\n<p>Je\u015bli \u017caden termin ani tematyka nie odpowiadaj\u0105 Pa\u0144stwa oczekiwaniom prosimy o kontakt mailowy na adres pm @ pryzmat.com<\/p>\n<\/div>\n<\/div>\n<\/div>\n\n\n\n<div class=\"wp-block-column is-layout-flow wp-block-column-is-layout-flow\" style=\"flex-basis:25%\">\n<figure class=\"wp-block-image size-full\"><img loading=\"lazy\" decoding=\"async\" width=\"632\" height=\"626\" src=\"https:\/\/pm.pryzmat.com\/wp-content\/uploads\/2024\/07\/webtools-1.png\" alt=\"\" class=\"wp-image-6656\" srcset=\"https:\/\/pm.pryzmat.com\/wp-content\/uploads\/2024\/07\/webtools-1.png 632w, https:\/\/pm.pryzmat.com\/wp-content\/uploads\/2024\/07\/webtools-1-300x297.png 300w, https:\/\/pm.pryzmat.com\/wp-content\/uploads\/2024\/07\/webtools-1-150x150.png 150w\" sizes=\"auto, (max-width: 632px) 100vw, 632px\" \/><\/figure>\n<\/div>\n\n\n\n<div class=\"wp-block-column is-layout-flow wp-block-column-is-layout-flow\" style=\"flex-basis:5%\"><\/div>\n<\/div>\n\n\n<style>\n       .errordiv { padding:10px; margin:10px; border: 1px solid #555555;color: #000000;background-color: #f8f8f8; width:500px; }#advanced_iframe {visibility:visible;opacity:1;vertical-align:top;}.ai-info-bottom-iframe { position: fixed; z-index: 10000; bottom:0; left: 0; margin: 0px; text-align: center; width: 100%; background-color: #ff9999; padding-left: 5px;padding-bottom: 5px; border-top: 1px solid #aaa } a.ai-bold {font-weight: bold;}#ai-layer-div-advanced_iframe p {height:100%;margin:0;padding:0}<\/style><script type=\"text\/javascript\">var ai_iframe_width_advanced_iframe = 0;var ai_iframe_height_advanced_iframe = 0;function aiReceiveMessageadvanced_iframe(event) {  aiProcessMessage(event,\"advanced_iframe\", \"true\");}if (window.addEventListener) {  window.addEventListener(\"message\", aiReceiveMessageadvanced_iframe);} else if (el.attachEvent)  {  el.attachEvent(\"message\", aiReceiveMessageadvanced_iframe);}var aiOnloadScrollTop=\"true\";var aiShowDebug=false;\n\t\tif (typeof aiReadyCallbacks === 'undefined') {\n\t\t\tvar aiReadyCallbacks = [];\n\t\t} else if (!(aiReadyCallbacks instanceof Array)) {\n\t\t\tvar aiReadyCallbacks = [];\n\t\t}    function aiShowIframeId(id_iframe) { jQuery(\"#\"+id_iframe).css(\"visibility\", \"visible\");    }    function aiResizeIframeHeight(height) { aiResizeIframeHeight(height,advanced_iframe); }    function aiResizeIframeHeightId(height,width,id) {aiResizeIframeHeightById(id,height);}<\/script><iframe id=\"advanced_iframe\"  name=\"advanced_iframe\"  src=\"https:\/\/outlook.office365.com\/book\/ZespProductManagmentuPryzmatSpzoospk@pryzmatcom.onmicrosoft.com\/\"  width=\"100%\"  height=\"2000\"  frameborder=\"0\"  border=\"0\"  allowtransparency=\"true\"  loading=\"lazy\"  style=\";border-width: 0px;;border: none;;width:100%;height:2000px;\" ><\/iframe><script type=\"text\/javascript\">var ifrm_advanced_iframe = document.getElementById(\"advanced_iframe\");var hiddenTabsDoneadvanced_iframe = false;\nfunction resizeCallbackadvanced_iframe() {}<\/script><script type=\"text\/javascript\"><\/script><p style=\"display:block !important; visibility:visible !important;margin: -18px 14px 0 0;padding-left: 3px;padding-top:3px;background: white; overflow: hidden; position: relative; line-height:15px;width: fit-content;\"><small style=\"display:block !important;visibility:visible !important\">powered by Advanced iFrame<\/small><\/p>","protected":false},"excerpt":{"rendered":"<p>Zapraszamy do um\u00f3wienia si\u0119 w dogodnym terminie na spotkanie on-line. Spotkanie odb\u0119dzie si\u0119 za pomoc\u0105 MS Teams &#8211; nie wymaga ona instalacji dodatkowego oprogramowania, uczestniczy\u0107&hellip;<\/p>\n","protected":false},"author":1,"featured_media":0,"parent":0,"menu_order":0,"comment_status":"closed","ping_status":"closed","template":"","meta":{"footnotes":""},"class_list":["post-6644","page","type-page","status-publish","hentry"],"featured_image_src":null,"_links":{"self":[{"href":"https:\/\/pm.pryzmat.com\/index.php?rest_route=\/wp\/v2\/pages\/6644","targetHints":{"allow":["GET"]}}],"collection":[{"href":"https:\/\/pm.pryzmat.com\/index.php?rest_route=\/wp\/v2\/pages"}],"about":[{"href":"https:\/\/pm.pryzmat.com\/index.php?rest_route=\/wp\/v2\/types\/page"}],"author":[{"embeddable":true,"href":"https:\/\/pm.pryzmat.com\/index.php?rest_route=\/wp\/v2\/users\/1"}],"replies":[{"embeddable":true,"href":"https:\/\/pm.pryzmat.com\/index.php?rest_route=%2Fwp%2Fv2%2Fcomments&post=6644"}],"version-history":[{"count":7,"href":"https:\/\/pm.pryzmat.com\/index.php?rest_route=\/wp\/v2\/pages\/6644\/revisions"}],"predecessor-version":[{"id":6662,"href":"https:\/\/pm.pryzmat.com\/index.php?rest_route=\/wp\/v2\/pages\/6644\/revisions\/6662"}],"wp:attachment":[{"href":"https:\/\/pm.pryzmat.com\/index.php?rest_route=%2Fwp%2Fv2%2Fmedia&parent=6644"}],"curies":[{"name":"wp","href":"https:\/\/api.w.org\/{rel}","templated":true}]}}