{"id":236,"date":"2023-03-10T21:19:55","date_gmt":"2023-03-10T20:19:55","guid":{"rendered":"https:\/\/pm.pryzmat.com\/?page_id=236"},"modified":"2023-04-04T11:26:08","modified_gmt":"2023-04-04T09:26:08","slug":"kontakt","status":"publish","type":"page","link":"https:\/\/pm.pryzmat.com\/?page_id=236","title":{"rendered":"Kontakt"},"content":{"rendered":"<div class=\"members-access-error\">Przykro nam, ale nie masz uprawnie\u0144 do tej tre\u015bci.<\/p>\n<p>Je\u015bli jeste\u015b u\u017cytkownikiem Pryzmat &#8211; prosz\u0119 &gt;&gt;<a href=\"https:\/\/pm.pryzmat.com\/wp-login.php\">zaloguj si\u0119<\/a>&lt;&lt;<\/div>\n","protected":false},"excerpt":{"rendered":"<div class=\"members-access-error\">Przykro nam, ale nie masz uprawnie\u0144 do tej tre\u015bci.<\/p>\n<p>Je\u015bli jeste\u015b u\u017cytkownikiem Pryzmat &#8211; prosz\u0119 &gt;&gt;<a href=\"https:\/\/pm.pryzmat.com\/wp-login.php\">zaloguj si\u0119<\/a>&lt;&lt;<\/div>\n","protected":false},"author":1,"featured_media":0,"parent":0,"menu_order":0,"comment_status":"closed","ping_status":"closed","template":"","meta":{"footnotes":""},"class_list":["post-236","page","type-page","status-publish","hentry"],"featured_image_src":null,"_links":{"self":[{"href":"https:\/\/pm.pryzmat.com\/index.php?rest_route=\/wp\/v2\/pages\/236","targetHints":{"allow":["GET"]}}],"collection":[{"href":"https:\/\/pm.pryzmat.com\/index.php?rest_route=\/wp\/v2\/pages"}],"about":[{"href":"https:\/\/pm.pryzmat.com\/index.php?rest_route=\/wp\/v2\/types\/page"}],"author":[{"embeddable":true,"href":"https:\/\/pm.pryzmat.com\/index.php?rest_route=\/wp\/v2\/users\/1"}],"replies":[{"embeddable":true,"href":"https:\/\/pm.pryzmat.com\/index.php?rest_route=%2Fwp%2Fv2%2Fcomments&post=236"}],"version-history":[{"count":3,"href":"https:\/\/pm.pryzmat.com\/index.php?rest_route=\/wp\/v2\/pages\/236\/revisions"}],"predecessor-version":[{"id":629,"href":"https:\/\/pm.pryzmat.com\/index.php?rest_route=\/wp\/v2\/pages\/236\/revisions\/629"}],"wp:attachment":[{"href":"https:\/\/pm.pryzmat.com\/index.php?rest_route=%2Fwp%2Fv2%2Fmedia&parent=236"}],"curies":[{"name":"wp","href":"https:\/\/api.w.org\/{rel}","templated":true}]}}