{"id":12243,"date":"2025-05-09T12:16:15","date_gmt":"2025-05-09T10:16:15","guid":{"rendered":"https:\/\/pm.pryzmat.com\/?page_id=12243"},"modified":"2025-07-11T15:17:15","modified_gmt":"2025-07-11T13:17:15","slug":"wynajem-zglos-oferte","status":"publish","type":"page","link":"https:\/\/pm.pryzmat.com\/?page_id=12243","title":{"rendered":"WYNAJEM &#8211; zg\u0142o\u015b ofert\u0119!"},"content":{"rendered":"\n<p class=\"has-luminous-vivid-amber-background-color has-background has-large-font-size\">Przypominamy, \u017ce zgodnie z ustaleniami w zakresie ofert wynajmu ka\u017cda oferta z\u0142o\u017cona klientowi <strong>MUSI <\/strong>zosta\u0107 zg\u0142oszona przez poni\u017cszy formularz. <\/p>\n\n\n\n<div class=\"wp-block-contact-form-7-contact-form-selector\">\n<div class=\"wpcf7 no-js\" id=\"wpcf7-f12242-o1\" lang=\"pl-PL\" dir=\"ltr\" data-wpcf7-id=\"12242\">\n<div class=\"screen-reader-response\"><p role=\"status\" aria-live=\"polite\" aria-atomic=\"true\"><\/p> <ul><\/ul><\/div>\n<form action=\"\/index.php?rest_route=%2Fwp%2Fv2%2Fpages%2F12243#wpcf7-f12242-o1\" method=\"post\" class=\"wpcf7-form init\" aria-label=\"Formularz kontaktowy\" novalidate=\"novalidate\" data-status=\"init\">\n<fieldset class=\"hidden-fields-container\"><input type=\"hidden\" name=\"_wpcf7\" value=\"12242\" \/><input type=\"hidden\" name=\"_wpcf7_version\" value=\"6.1.5\" \/><input type=\"hidden\" name=\"_wpcf7_locale\" value=\"pl_PL\" \/><input type=\"hidden\" name=\"_wpcf7_unit_tag\" value=\"wpcf7-f12242-o1\" \/><input type=\"hidden\" name=\"_wpcf7_container_post\" value=\"0\" \/><input type=\"hidden\" name=\"_wpcf7_posted_data_hash\" value=\"\" \/><input type=\"hidden\" name=\"_wpcf7cf_hidden_group_fields\" value=\"[]\" \/><input type=\"hidden\" name=\"_wpcf7cf_hidden_groups\" value=\"[]\" \/><input type=\"hidden\" name=\"_wpcf7cf_visible_groups\" value=\"[]\" \/><input type=\"hidden\" name=\"_wpcf7cf_repeaters\" value=\"[]\" \/><input type=\"hidden\" name=\"_wpcf7cf_steps\" value=\"{}\" \/><input type=\"hidden\" name=\"_wpcf7cf_options\" value=\"{&quot;form_id&quot;:12242,&quot;conditions&quot;:[],&quot;settings&quot;:{&quot;animation&quot;:&quot;yes&quot;,&quot;animation_intime&quot;:200,&quot;animation_outtime&quot;:200,&quot;conditions_ui&quot;:&quot;normal&quot;,&quot;notice_dismissed&quot;:false}}\" \/>\n<\/fieldset>\n<p>Punkt Pryzmat:<br \/>\n<span class=\"wpcf7-form-control-wrap\" data-name=\"punkt_zglaszajacy\"><select class=\"wpcf7-form-control wpcf7-select wpcf7-validates-as-required\" aria-required=\"true\" aria-invalid=\"false\" name=\"punkt_zglaszajacy\"><option value=\"\">&#8212;Prosz\u0119 wybra\u0107 opcj\u0119&#8212;<\/option><option value=\"BYDGOSZCZ ul. Gda\u0144ska 101\">BYDGOSZCZ ul. Gda\u0144ska 101<\/option><option value=\"CZ\u0118STOCHOWA pl. Daszy\u0144skiego 3\">CZ\u0118STOCHOWA pl. Daszy\u0144skiego 3<\/option><option value=\"GDYNIA ul. Abrahama 61C\">GDYNIA ul. Abrahama 61C<\/option><option value=\"GDYNIA ul. Morska 162\">GDYNIA ul. Morska 162<\/option><option value=\"GLIWICE ul. \u015awi\u0119toja\u0144ska 7\">GLIWICE ul. \u015awi\u0119toja\u0144ska 7<\/option><option value=\"JELENIA G\u00d3RA ul. Pi\u0142sudskiego 3\">JELENIA G\u00d3RA ul. Pi\u0142sudskiego 3<\/option><option value=\"KALISZ ul. G\u00f3rno\u015bl\u0105ska 36\">KALISZ ul. G\u00f3rno\u015bl\u0105ska 36<\/option><option value=\"KATOWICE ul. Tysi\u0105clecia 17\">KATOWICE ul. Tysi\u0105clecia 17<\/option><option value=\"KIELCE pl. Moniuszki 11\">KIELCE pl. Moniuszki 11<\/option><option value=\"KOSZALIN ul. Kaszubska 3\">KOSZALIN ul. Kaszubska 3<\/option><option value=\"KRAK\u00d3W ul. Krakowska 7\">KRAK\u00d3W ul. Krakowska 7<\/option><option value=\"KRAK\u00d3W Os. Niepodleg\u0142o\u015bci 3A\">KRAK\u00d3W Os. Niepodleg\u0142o\u015bci 3A<\/option><option value=\"LEGNICA ul. Dziennikarska 11\/3A\">LEGNICA ul. Dziennikarska 11\/3A<\/option><option value=\"LUBLIN ul. \u0141\u0119czy\u0144ska 56\">LUBLIN ul. \u0141\u0119czy\u0144ska 56<\/option><option value=\"\u0141\u00d3D\u0179 ul. Piotrkowska 287\">\u0141\u00d3D\u0179 ul. Piotrkowska 287<\/option><option value=\"\u0141\u00d3D\u0179 ul. Zgierska 69\">\u0141\u00d3D\u0179 ul. Zgierska 69<\/option><option value=\"NOWY S\u0104CZ ul. Jamnicka 3\">NOWY S\u0104CZ ul. Jamnicka 3<\/option><option value=\"OPOLE ul. Ko\u0142\u0142\u0105taja 21\">OPOLE ul. Ko\u0142\u0142\u0105taja 21<\/option><option value=\"OPOLE pl. Pi\u0142sudskiego 12A\/1\">OPOLE pl. Pi\u0142sudskiego 12A\/1<\/option><option value=\"OSTR\u00d3W WLKP. ul. Raszkowska 44a\">OSTR\u00d3W WLKP. ul. Raszkowska 44a<\/option><option value=\"POZNA\u0143 ul. Grochowska 45a\">POZNA\u0143 ul. Grochowska 45a<\/option><option value=\"POZNA\u0143 ul. Miel\u017cy\u0144skiego 16\/1\">POZNA\u0143 ul. Miel\u017cy\u0144skiego 16\/1<\/option><option value=\"POZNA\u0143 ul. Krakowska 34\/2\">POZNA\u0143 ul. Krakowska 34\/2<\/option><option value=\"RZESZ\u00d3W Al. T. Rejtana 27C\">RZESZ\u00d3W Al. T. Rejtana 27C<\/option><option value=\"SZCZECIN ul. Starkiewicza 1a\">SZCZECIN ul. Starkiewicza 1a<\/option><option value=\"SZCZECIN ul. Rydla 51j\">SZCZECIN ul. Rydla 51j<\/option><option value=\"TORU\u0143 ul. Prosta 19\">TORU\u0143 ul. Prosta 19<\/option><option value=\"WARSZAWA ul. Wilanowska 12\">WARSZAWA ul. Wilanowska 12<\/option><option value=\"WARSZAWA ul. Bia\u0142ostocka 24\">WARSZAWA ul. Bia\u0142ostocka 24<\/option><option value=\"WARSZAWA Al. K.E.N. 83 lok.17\">WARSZAWA Al. K.E.N. 83 lok.17<\/option><option value=\"WARSZAWA ul. Kasprowicza 46\">WARSZAWA ul. Kasprowicza 46<\/option><option value=\"WROC\u0141AW ul. Odrza\u0144ska 14\">WROC\u0141AW ul. Odrza\u0144ska 14<\/option><option value=\"WROC\u0141AW ul. Komandorska 53 P\">WROC\u0141AW ul. Komandorska 53 P<\/option><option value=\"WROC\u0141AW ul. Zielonog\u00f3rska 12\/1a\">WROC\u0141AW ul. Zielonog\u00f3rska 12\/1a<\/option><option value=\"WROC\u0141AW ul. Polaka 19\">WROC\u0141AW ul. Polaka 19<\/option><option value=\"ZIELONA G\u00d3RA pl. Powsta\u0144c\u00f3w Wlkp. 5\">ZIELONA G\u00d3RA pl. Powsta\u0144c\u00f3w Wlkp. 5<\/option><option value=\"Zesp\u00f3\u0142 PM\">Zesp\u00f3\u0142 PM<\/option><option value=\"Dzia\u0142 najmu\">Dzia\u0142 najmu<\/option><option value=\"Dzia\u0142 trenerski\">Dzia\u0142 trenerski<\/option><option value=\"Centrala\">Centrala<\/option><option value=\"Zesp\u00f3\u0142 B2B\">Zesp\u00f3\u0142 B2B<\/option><\/select><\/span>\n<\/p>\n<p>Imi\u0119 i nazwisko osoby zg\u0142aszaj\u0105cej<br \/>\n<span class=\"wpcf7-form-control-wrap\" data-name=\"nazwisko_zglaszajacego\"><input size=\"40\" maxlength=\"400\" class=\"wpcf7-form-control wpcf7-text wpcf7-validates-as-required\" aria-required=\"true\" aria-invalid=\"false\" value=\"\" type=\"text\" name=\"nazwisko_zglaszajacego\" \/><\/span>\n<\/p>\n<p>Nazwa klienta:<br \/>\n<span class=\"wpcf7-form-control-wrap\" data-name=\"nazwa_klienta\"><input size=\"40\" maxlength=\"400\" class=\"wpcf7-form-control wpcf7-text wpcf7-validates-as-required\" aria-required=\"true\" aria-invalid=\"false\" value=\"\" type=\"text\" name=\"nazwa_klienta\" \/><\/span>\n<\/p>\n<p><span class=\"wpcf7-form-control-wrap\" data-name=\"oferta\"><select class=\"wpcf7-form-control wpcf7-select wpcf7-validates-as-required\" aria-required=\"true\" aria-invalid=\"false\" name=\"oferta\"><option value=\"\">&#8212;Prosz\u0119 wybra\u0107 opcj\u0119&#8212;<\/option><option value=\"Skaner Ricoh fi-8040\">Skaner Ricoh fi-8040<\/option><option value=\"Skaner Ricoh fi-8150\">Skaner Ricoh fi-8150<\/option><option value=\"Skaner Ricoh fi-8170\">Skaner Ricoh fi-8170<\/option><option value=\"Skaner Ricoh fi-8250\">Skaner Ricoh fi-8250<\/option><option value=\"Skaner Ricoh fi-8270\">Skaner Ricoh fi-8270<\/option><option value=\"Niszczarka HSM B26 z oliwiark\u0105\">Niszczarka HSM B26 z oliwiark\u0105<\/option><option value=\"Niszczarka HSM B32 z oliwiark\u0105\">Niszczarka HSM B32 z oliwiark\u0105<\/option><option value=\"Niszczarka HSM B35 z oliwiark\u0105\">Niszczarka HSM B35 z oliwiark\u0105<\/option><option value=\"Niszczarka HSM P40i z oliwiark\u0105\">Niszczarka HSM P40i z oliwiark\u0105<\/option><option value=\"Drukarka kart Zebra ZC31\">Drukarka kart Zebra ZC31<\/option><option value=\"Drukarka kart Zebra ZC32\">Drukarka kart Zebra ZC32<\/option><option value=\"Monitor Ricoh A6510 + stojak\">Monitor Ricoh A6510 + stojak<\/option><option value=\"Monitor Ricoh A7510 + stojak\">Monitor Ricoh A7510 + stojak<\/option><option value=\"Monitor Ricoh A8610 + stojak\">Monitor Ricoh A8610 + stojak<\/option><option value=\"Zestaw EZD\">Zestaw EZD<\/option><\/select><\/span>\n<\/p>\n<p>Data z\u0142o\u017cenia oferty:<br \/>\n<span class=\"wpcf7-form-control-wrap\" data-name=\"data\"><input class=\"wpcf7-form-control wpcf7-date wpcf7-validates-as-date\" aria-invalid=\"false\" value=\"\" type=\"date\" name=\"data\" \/><\/span>\n<\/p>\n<p><input class=\"wpcf7-form-control wpcf7-submit has-spinner\" type=\"submit\" value=\"Wy\u015blij\" \/>\n<\/p><div class=\"wpcf7-response-output\" aria-hidden=\"true\"><\/div>\n<\/form>\n<\/div>\n<\/div>\n","protected":false},"excerpt":{"rendered":"<p>Przypominamy, \u017ce zgodnie z ustaleniami w zakresie ofert wynajmu ka\u017cda oferta z\u0142o\u017cona klientowi MUSI zosta\u0107 zg\u0142oszona przez poni\u017cszy formularz.<\/p>\n","protected":false},"author":1,"featured_media":0,"parent":0,"menu_order":0,"comment_status":"closed","ping_status":"closed","template":"","meta":{"footnotes":""},"class_list":["post-12243","page","type-page","status-publish","hentry"],"featured_image_src":null,"_links":{"self":[{"href":"https:\/\/pm.pryzmat.com\/index.php?rest_route=\/wp\/v2\/pages\/12243","targetHints":{"allow":["GET"]}}],"collection":[{"href":"https:\/\/pm.pryzmat.com\/index.php?rest_route=\/wp\/v2\/pages"}],"about":[{"href":"https:\/\/pm.pryzmat.com\/index.php?rest_route=\/wp\/v2\/types\/page"}],"author":[{"embeddable":true,"href":"https:\/\/pm.pryzmat.com\/index.php?rest_route=\/wp\/v2\/users\/1"}],"replies":[{"embeddable":true,"href":"https:\/\/pm.pryzmat.com\/index.php?rest_route=%2Fwp%2Fv2%2Fcomments&post=12243"}],"version-history":[{"count":2,"href":"https:\/\/pm.pryzmat.com\/index.php?rest_route=\/wp\/v2\/pages\/12243\/revisions"}],"predecessor-version":[{"id":12245,"href":"https:\/\/pm.pryzmat.com\/index.php?rest_route=\/wp\/v2\/pages\/12243\/revisions\/12245"}],"wp:attachment":[{"href":"https:\/\/pm.pryzmat.com\/index.php?rest_route=%2Fwp%2Fv2%2Fmedia&parent=12243"}],"curies":[{"name":"wp","href":"https:\/\/api.w.org\/{rel}","templated":true}]}}