{"id":11872,"date":"2025-04-15T15:02:35","date_gmt":"2025-04-15T13:02:35","guid":{"rendered":"https:\/\/pm.pryzmat.com\/?page_id=11872"},"modified":"2025-12-04T12:40:34","modified_gmt":"2025-12-04T11:40:34","slug":"12345-2","status":"publish","type":"page","link":"https:\/\/pm.pryzmat.com\/?page_id=11872","title":{"rendered":"wyb\u00f3r rodzaju zg\u0142oszenia"},"content":{"rendered":"<div class=\"members-access-error\">Przykro nam, ale nie masz uprawnie\u0144 do tej tre\u015bci.<\/p>\n<p>Je\u015bli jeste\u015b u\u017cytkownikiem Pryzmat &#8211; prosz\u0119 &gt;&gt;<a href=\"https:\/\/pm.pryzmat.com\/wp-login.php\">zaloguj si\u0119<\/a>&lt;&lt;<\/div>\n","protected":false},"excerpt":{"rendered":"<div class=\"members-access-error\">Przykro nam, ale nie masz uprawnie\u0144 do tej tre\u015bci.<\/p>\n<p>Je\u015bli jeste\u015b u\u017cytkownikiem Pryzmat &#8211; prosz\u0119 &gt;&gt;<a href=\"https:\/\/pm.pryzmat.com\/wp-login.php\">zaloguj si\u0119<\/a>&lt;&lt;<\/div>\n","protected":false},"author":1,"featured_media":0,"parent":0,"menu_order":0,"comment_status":"closed","ping_status":"closed","template":"","meta":{"footnotes":""},"class_list":["post-11872","page","type-page","status-publish","hentry"],"featured_image_src":null,"_links":{"self":[{"href":"https:\/\/pm.pryzmat.com\/index.php?rest_route=\/wp\/v2\/pages\/11872","targetHints":{"allow":["GET"]}}],"collection":[{"href":"https:\/\/pm.pryzmat.com\/index.php?rest_route=\/wp\/v2\/pages"}],"about":[{"href":"https:\/\/pm.pryzmat.com\/index.php?rest_route=\/wp\/v2\/types\/page"}],"author":[{"embeddable":true,"href":"https:\/\/pm.pryzmat.com\/index.php?rest_route=\/wp\/v2\/users\/1"}],"replies":[{"embeddable":true,"href":"https:\/\/pm.pryzmat.com\/index.php?rest_route=%2Fwp%2Fv2%2Fcomments&post=11872"}],"version-history":[{"count":42,"href":"https:\/\/pm.pryzmat.com\/index.php?rest_route=\/wp\/v2\/pages\/11872\/revisions"}],"predecessor-version":[{"id":16814,"href":"https:\/\/pm.pryzmat.com\/index.php?rest_route=\/wp\/v2\/pages\/11872\/revisions\/16814"}],"wp:attachment":[{"href":"https:\/\/pm.pryzmat.com\/index.php?rest_route=%2Fwp%2Fv2%2Fmedia&parent=11872"}],"curies":[{"name":"wp","href":"https:\/\/api.w.org\/{rel}","templated":true}]}}