{"id":10925,"date":"2025-02-20T16:05:50","date_gmt":"2025-02-20T15:05:50","guid":{"rendered":"https:\/\/pm.pryzmat.com\/?page_id=10925"},"modified":"2025-02-27T11:32:53","modified_gmt":"2025-02-27T10:32:53","slug":"harmonogram-webinarow","status":"publish","type":"page","link":"https:\/\/pm.pryzmat.com\/?page_id=10925","title":{"rendered":"Harmonogram webinar\u00f3w"},"content":{"rendered":"<div class=\"members-access-error\">Przykro nam, ale nie masz uprawnie\u0144 do tej tre\u015bci.<\/p>\n<p>Je\u015bli jeste\u015b u\u017cytkownikiem Pryzmat &#8211; prosz\u0119 &gt;&gt;<a href=\"https:\/\/pm.pryzmat.com\/wp-login.php\">zaloguj si\u0119<\/a>&lt;&lt;<\/div>\n","protected":false},"excerpt":{"rendered":"<div class=\"members-access-error\">Przykro nam, ale nie masz uprawnie\u0144 do tej tre\u015bci.<\/p>\n<p>Je\u015bli jeste\u015b u\u017cytkownikiem Pryzmat &#8211; prosz\u0119 &gt;&gt;<a href=\"https:\/\/pm.pryzmat.com\/wp-login.php\">zaloguj si\u0119<\/a>&lt;&lt;<\/div>\n","protected":false},"author":1,"featured_media":0,"parent":0,"menu_order":0,"comment_status":"closed","ping_status":"closed","template":"","meta":{"footnotes":""},"class_list":["post-10925","page","type-page","status-publish","hentry"],"featured_image_src":null,"_links":{"self":[{"href":"https:\/\/pm.pryzmat.com\/index.php?rest_route=\/wp\/v2\/pages\/10925","targetHints":{"allow":["GET"]}}],"collection":[{"href":"https:\/\/pm.pryzmat.com\/index.php?rest_route=\/wp\/v2\/pages"}],"about":[{"href":"https:\/\/pm.pryzmat.com\/index.php?rest_route=\/wp\/v2\/types\/page"}],"author":[{"embeddable":true,"href":"https:\/\/pm.pryzmat.com\/index.php?rest_route=\/wp\/v2\/users\/1"}],"replies":[{"embeddable":true,"href":"https:\/\/pm.pryzmat.com\/index.php?rest_route=%2Fwp%2Fv2%2Fcomments&post=10925"}],"version-history":[{"count":6,"href":"https:\/\/pm.pryzmat.com\/index.php?rest_route=\/wp\/v2\/pages\/10925\/revisions"}],"predecessor-version":[{"id":12905,"href":"https:\/\/pm.pryzmat.com\/index.php?rest_route=\/wp\/v2\/pages\/10925\/revisions\/12905"}],"wp:attachment":[{"href":"https:\/\/pm.pryzmat.com\/index.php?rest_route=%2Fwp%2Fv2%2Fmedia&parent=10925"}],"curies":[{"name":"wp","href":"https:\/\/api.w.org\/{rel}","templated":true}]}}